{"id":27,"date":"2019-03-07T15:21:39","date_gmt":"2019-03-07T14:21:39","guid":{"rendered":"https:\/\/www.cellier-des-dauphins.comaccueil\/"},"modified":"2026-03-06T15:37:15","modified_gmt":"2026-03-06T14:37:15","slug":"accueil","status":"publish","type":"page","link":"https:\/\/www.cellier-des-dauphins.com\/en\/","title":{"rendered":"Accueil"},"content":{"rendered":"","protected":false},"excerpt":{"rendered":"","protected":false},"author":1,"featured_media":0,"parent":0,"menu_order":1,"comment_status":"closed","ping_status":"closed","template":"tpl-home.php","meta":{"_acf_changed":false,"footnotes":""},"acf":[],"yoast_head":"<!-- This site is optimized with the Yoast SEO plugin v23.1 - https:\/\/yoast.com\/wordpress\/plugins\/seo\/ -->\n<title>Cellier des Dauphins | Union des Vignerons des C\u00f4tes Du Rh\u00f4ne<\/title>\n<meta name=\"description\" content=\"D\u00e9couvrez Cellier des Dauphins, ses vins solaires synonymes d&#039;h\u00e9donisme m\u00e9ridional et issus du savoir-faire du groupement de producteur Union des Vignerons des C\u00f4tes du Rh\u00f4ne.\" \/>\n<meta name=\"robots\" content=\"index, follow, max-snippet:-1, max-image-preview:large, max-video-preview:-1\" \/>\n<link rel=\"canonical\" href=\"https:\/\/www.cellier-des-dauphins.com\/en\/\" \/>\n<meta property=\"og:locale\" content=\"en_US\" \/>\n<meta property=\"og:type\" content=\"article\" \/>\n<meta property=\"og:title\" content=\"Cellier des Dauphins | Union des Vignerons des C\u00f4tes Du Rh\u00f4ne\" \/>\n<meta property=\"og:description\" content=\"D\u00e9couvrez Cellier des Dauphins, ses vins solaires synonymes d&#039;h\u00e9donisme m\u00e9ridional et issus du savoir-faire du groupement de producteur Union des Vignerons des C\u00f4tes du Rh\u00f4ne.\" \/>\n<meta property=\"og:url\" content=\"https:\/\/www.cellier-des-dauphins.com\/en\/\" \/>\n<meta property=\"og:site_name\" content=\"Cellier Des Dauphins\" \/>\n<meta property=\"article:modified_time\" content=\"2026-03-06T14:37:15+00:00\" \/>\n<meta name=\"twitter:card\" content=\"summary_large_image\" \/>\n<script type=\"application\/ld+json\" class=\"yoast-schema-graph\">{\"@context\":\"https:\/\/schema.org\",\"@graph\":[{\"@type\":\"WebPage\",\"@id\":\"https:\/\/www.cellier-des-dauphins.com\/en\/\",\"url\":\"https:\/\/www.cellier-des-dauphins.com\/en\/\",\"name\":\"Cellier des Dauphins | Union des Vignerons des C\u00f4tes Du Rh\u00f4ne\",\"isPartOf\":{\"@id\":\"https:\/\/www.cellier-des-dauphins.com\/en\/#website\"},\"datePublished\":\"2019-03-07T14:21:39+00:00\",\"dateModified\":\"2026-03-06T14:37:15+00:00\",\"description\":\"D\u00e9couvrez Cellier des Dauphins, ses vins solaires synonymes d'h\u00e9donisme m\u00e9ridional et issus du savoir-faire du groupement de producteur Union des Vignerons des C\u00f4tes du Rh\u00f4ne.\",\"inLanguage\":\"en-US\",\"potentialAction\":[{\"@type\":\"ReadAction\",\"target\":[\"https:\/\/www.cellier-des-dauphins.com\/en\/\"]}]},{\"@type\":\"WebSite\",\"@id\":\"https:\/\/www.cellier-des-dauphins.com\/en\/#website\",\"url\":\"https:\/\/www.cellier-des-dauphins.com\/en\/\",\"name\":\"Cellier Des Dauphins\",\"description\":\"\",\"potentialAction\":[{\"@type\":\"SearchAction\",\"target\":{\"@type\":\"EntryPoint\",\"urlTemplate\":\"https:\/\/www.cellier-des-dauphins.com\/en\/?s={search_term_string}\"},\"query-input\":\"required name=search_term_string\"}],\"inLanguage\":\"en-US\"}]}<\/script>\n<!-- \/ Yoast SEO plugin. -->","yoast_head_json":{"title":"Cellier des Dauphins | Union des Vignerons des C\u00f4tes Du Rh\u00f4ne","description":"D\u00e9couvrez Cellier des Dauphins, ses vins solaires synonymes d'h\u00e9donisme m\u00e9ridional et issus du savoir-faire du groupement de producteur Union des Vignerons des C\u00f4tes du Rh\u00f4ne.","robots":{"index":"index","follow":"follow","max-snippet":"max-snippet:-1","max-image-preview":"max-image-preview:large","max-video-preview":"max-video-preview:-1"},"canonical":"https:\/\/www.cellier-des-dauphins.com\/en\/","og_locale":"en_US","og_type":"article","og_title":"Cellier des Dauphins | Union des Vignerons des C\u00f4tes Du Rh\u00f4ne","og_description":"D\u00e9couvrez Cellier des Dauphins, ses vins solaires synonymes d'h\u00e9donisme m\u00e9ridional et issus du savoir-faire du groupement de producteur Union des Vignerons des C\u00f4tes du Rh\u00f4ne.","og_url":"https:\/\/www.cellier-des-dauphins.com\/en\/","og_site_name":"Cellier Des Dauphins","article_modified_time":"2026-03-06T14:37:15+00:00","twitter_card":"summary_large_image","schema":{"@context":"https:\/\/schema.org","@graph":[{"@type":"WebPage","@id":"https:\/\/www.cellier-des-dauphins.com\/en\/","url":"https:\/\/www.cellier-des-dauphins.com\/en\/","name":"Cellier des Dauphins | Union des Vignerons des C\u00f4tes Du Rh\u00f4ne","isPartOf":{"@id":"https:\/\/www.cellier-des-dauphins.com\/en\/#website"},"datePublished":"2019-03-07T14:21:39+00:00","dateModified":"2026-03-06T14:37:15+00:00","description":"D\u00e9couvrez Cellier des Dauphins, ses vins solaires synonymes d'h\u00e9donisme m\u00e9ridional et issus du savoir-faire du groupement de producteur Union des Vignerons des C\u00f4tes du Rh\u00f4ne.","inLanguage":"en-US","potentialAction":[{"@type":"ReadAction","target":["https:\/\/www.cellier-des-dauphins.com\/en\/"]}]},{"@type":"WebSite","@id":"https:\/\/www.cellier-des-dauphins.com\/en\/#website","url":"https:\/\/www.cellier-des-dauphins.com\/en\/","name":"Cellier Des Dauphins","description":"","potentialAction":[{"@type":"SearchAction","target":{"@type":"EntryPoint","urlTemplate":"https:\/\/www.cellier-des-dauphins.com\/en\/?s={search_term_string}"},"query-input":"required name=search_term_string"}],"inLanguage":"en-US"}]}},"_links":{"self":[{"href":"https:\/\/www.cellier-des-dauphins.com\/en\/wp-json\/wp\/v2\/pages\/27"}],"collection":[{"href":"https:\/\/www.cellier-des-dauphins.com\/en\/wp-json\/wp\/v2\/pages"}],"about":[{"href":"https:\/\/www.cellier-des-dauphins.com\/en\/wp-json\/wp\/v2\/types\/page"}],"author":[{"embeddable":true,"href":"https:\/\/www.cellier-des-dauphins.com\/en\/wp-json\/wp\/v2\/users\/1"}],"replies":[{"embeddable":true,"href":"https:\/\/www.cellier-des-dauphins.com\/en\/wp-json\/wp\/v2\/comments?post=27"}],"version-history":[{"count":1,"href":"https:\/\/www.cellier-des-dauphins.com\/en\/wp-json\/wp\/v2\/pages\/27\/revisions"}],"predecessor-version":[{"id":385,"href":"https:\/\/www.cellier-des-dauphins.com\/en\/wp-json\/wp\/v2\/pages\/27\/revisions\/385"}],"wp:attachment":[{"href":"https:\/\/www.cellier-des-dauphins.com\/en\/wp-json\/wp\/v2\/media?parent=27"}],"curies":[{"name":"wp","href":"https:\/\/api.w.org\/{rel}","templated":true}]}}