{"id":1346,"date":"2019-03-11T08:43:46","date_gmt":"2019-03-11T07:43:46","guid":{"rendered":"https:\/\/www.cellier-des-dauphins.comle-journal\/"},"modified":"2019-04-28T22:08:15","modified_gmt":"2019-04-28T20:08:15","slug":"cellier-news","status":"publish","type":"page","link":"https:\/\/www.cellier-des-dauphins.com\/en\/cellier-news\/","title":{"rendered":"Cellier News"},"content":{"rendered":"","protected":false},"excerpt":{"rendered":"","protected":false},"author":1,"featured_media":0,"parent":0,"menu_order":6,"comment_status":"closed","ping_status":"closed","template":"tpl-blog.php","meta":{"_acf_changed":false,"footnotes":""},"acf":[],"yoast_head":"<!-- This site is optimized with the Yoast SEO plugin v23.1 - https:\/\/yoast.com\/wordpress\/plugins\/seo\/ -->\n<title>Cellier News | Cellier Des Dauphins<\/title>\n<meta name=\"description\" content=\"Retrouvez les derni\u00e8res actualit\u00e9s de Cellier des Dauphins : les \u00e9v\u00e8nements pour promouvoir notre terroir, nos nouveaux vins, nos conseils oenologiques\u2026 Restez inform\u00e9s !\" \/>\n<meta name=\"robots\" content=\"index, follow, max-snippet:-1, max-image-preview:large, max-video-preview:-1\" \/>\n<link rel=\"canonical\" href=\"https:\/\/www.cellier-des-dauphins.com\/en\/cellier-news\/\" \/>\n<meta property=\"og:locale\" content=\"en_US\" \/>\n<meta property=\"og:type\" content=\"article\" \/>\n<meta property=\"og:title\" content=\"Cellier News | Cellier Des Dauphins\" \/>\n<meta property=\"og:description\" content=\"Retrouvez les derni\u00e8res actualit\u00e9s de Cellier des Dauphins : les \u00e9v\u00e8nements pour promouvoir notre terroir, nos nouveaux vins, nos conseils oenologiques\u2026 Restez inform\u00e9s !\" \/>\n<meta property=\"og:url\" content=\"https:\/\/www.cellier-des-dauphins.com\/en\/cellier-news\/\" \/>\n<meta property=\"og:site_name\" content=\"Cellier Des Dauphins\" \/>\n<meta property=\"article:modified_time\" content=\"2019-04-28T20:08:15+00:00\" \/>\n<meta name=\"twitter:card\" content=\"summary_large_image\" \/>\n<script type=\"application\/ld+json\" class=\"yoast-schema-graph\">{\"@context\":\"https:\/\/schema.org\",\"@graph\":[{\"@type\":\"WebPage\",\"@id\":\"https:\/\/www.cellier-des-dauphins.com\/en\/cellier-news\/\",\"url\":\"https:\/\/www.cellier-des-dauphins.com\/en\/cellier-news\/\",\"name\":\"Cellier News | Cellier Des Dauphins\",\"isPartOf\":{\"@id\":\"https:\/\/www.cellier-des-dauphins.com\/en\/#website\"},\"datePublished\":\"2019-03-11T07:43:46+00:00\",\"dateModified\":\"2019-04-28T20:08:15+00:00\",\"description\":\"Retrouvez les derni\u00e8res actualit\u00e9s de Cellier des Dauphins : les \u00e9v\u00e8nements pour promouvoir notre terroir, nos nouveaux vins, nos conseils oenologiques\u2026 Restez inform\u00e9s !\",\"inLanguage\":\"en-US\",\"potentialAction\":[{\"@type\":\"ReadAction\",\"target\":[\"https:\/\/www.cellier-des-dauphins.com\/en\/cellier-news\/\"]}]},{\"@type\":\"WebSite\",\"@id\":\"https:\/\/www.cellier-des-dauphins.com\/en\/#website\",\"url\":\"https:\/\/www.cellier-des-dauphins.com\/en\/\",\"name\":\"Cellier Des Dauphins\",\"description\":\"\",\"potentialAction\":[{\"@type\":\"SearchAction\",\"target\":{\"@type\":\"EntryPoint\",\"urlTemplate\":\"https:\/\/www.cellier-des-dauphins.com\/en\/?s={search_term_string}\"},\"query-input\":\"required name=search_term_string\"}],\"inLanguage\":\"en-US\"}]}<\/script>\n<!-- \/ Yoast SEO plugin. -->","yoast_head_json":{"title":"Cellier News | Cellier Des Dauphins","description":"Retrouvez les derni\u00e8res actualit\u00e9s de Cellier des Dauphins : les \u00e9v\u00e8nements pour promouvoir notre terroir, nos nouveaux vins, nos conseils oenologiques\u2026 Restez inform\u00e9s !","robots":{"index":"index","follow":"follow","max-snippet":"max-snippet:-1","max-image-preview":"max-image-preview:large","max-video-preview":"max-video-preview:-1"},"canonical":"https:\/\/www.cellier-des-dauphins.com\/en\/cellier-news\/","og_locale":"en_US","og_type":"article","og_title":"Cellier News | Cellier Des Dauphins","og_description":"Retrouvez les derni\u00e8res actualit\u00e9s de Cellier des Dauphins : les \u00e9v\u00e8nements pour promouvoir notre terroir, nos nouveaux vins, nos conseils oenologiques\u2026 Restez inform\u00e9s !","og_url":"https:\/\/www.cellier-des-dauphins.com\/en\/cellier-news\/","og_site_name":"Cellier Des Dauphins","article_modified_time":"2019-04-28T20:08:15+00:00","twitter_card":"summary_large_image","schema":{"@context":"https:\/\/schema.org","@graph":[{"@type":"WebPage","@id":"https:\/\/www.cellier-des-dauphins.com\/en\/cellier-news\/","url":"https:\/\/www.cellier-des-dauphins.com\/en\/cellier-news\/","name":"Cellier News | Cellier Des Dauphins","isPartOf":{"@id":"https:\/\/www.cellier-des-dauphins.com\/en\/#website"},"datePublished":"2019-03-11T07:43:46+00:00","dateModified":"2019-04-28T20:08:15+00:00","description":"Retrouvez les derni\u00e8res actualit\u00e9s de Cellier des Dauphins : les \u00e9v\u00e8nements pour promouvoir notre terroir, nos nouveaux vins, nos conseils oenologiques\u2026 Restez inform\u00e9s !","inLanguage":"en-US","potentialAction":[{"@type":"ReadAction","target":["https:\/\/www.cellier-des-dauphins.com\/en\/cellier-news\/"]}]},{"@type":"WebSite","@id":"https:\/\/www.cellier-des-dauphins.com\/en\/#website","url":"https:\/\/www.cellier-des-dauphins.com\/en\/","name":"Cellier Des Dauphins","description":"","potentialAction":[{"@type":"SearchAction","target":{"@type":"EntryPoint","urlTemplate":"https:\/\/www.cellier-des-dauphins.com\/en\/?s={search_term_string}"},"query-input":"required name=search_term_string"}],"inLanguage":"en-US"}]}},"_links":{"self":[{"href":"https:\/\/www.cellier-des-dauphins.com\/en\/wp-json\/wp\/v2\/pages\/1346"}],"collection":[{"href":"https:\/\/www.cellier-des-dauphins.com\/en\/wp-json\/wp\/v2\/pages"}],"about":[{"href":"https:\/\/www.cellier-des-dauphins.com\/en\/wp-json\/wp\/v2\/types\/page"}],"author":[{"embeddable":true,"href":"https:\/\/www.cellier-des-dauphins.com\/en\/wp-json\/wp\/v2\/users\/1"}],"replies":[{"embeddable":true,"href":"https:\/\/www.cellier-des-dauphins.com\/en\/wp-json\/wp\/v2\/comments?post=1346"}],"version-history":[{"count":1,"href":"https:\/\/www.cellier-des-dauphins.com\/en\/wp-json\/wp\/v2\/pages\/1346\/revisions"}],"predecessor-version":[{"id":1356,"href":"https:\/\/www.cellier-des-dauphins.com\/en\/wp-json\/wp\/v2\/pages\/1346\/revisions\/1356"}],"wp:attachment":[{"href":"https:\/\/www.cellier-des-dauphins.com\/en\/wp-json\/wp\/v2\/media?parent=1346"}],"curies":[{"name":"wp","href":"https:\/\/api.w.org\/{rel}","templated":true}]}}