{"id":1345,"date":"2019-03-11T08:49:27","date_gmt":"2019-03-11T07:49:27","guid":{"rendered":"https:\/\/www.cellier-des-dauphins.comnos-gammes\/"},"modified":"2026-03-10T12:24:06","modified_gmt":"2026-03-10T11:24:06","slug":"our-ranges","status":"publish","type":"page","link":"https:\/\/www.cellier-des-dauphins.com\/en\/our-sunny-wines\/our-ranges\/","title":{"rendered":"Our ranges"},"content":{"rendered":"","protected":false},"excerpt":{"rendered":"","protected":false},"author":1,"featured_media":0,"parent":1347,"menu_order":2,"comment_status":"closed","ping_status":"closed","template":"tpl-gamme.php","meta":{"_acf_changed":false,"footnotes":""},"acf":[],"yoast_head":"<!-- This site is optimized with the Yoast SEO plugin v23.1 - https:\/\/yoast.com\/wordpress\/plugins\/seo\/ -->\n<title>Our C\u00f4tes du Rh\u00f4ne wine ranges | Cellier des Dauphins<\/title>\n<meta name=\"description\" content=\"Explore the diversity of our C\u00f4tes du Rh\u00f4ne wine ranges. Discover all the richness of a terroir through our Prestige, Carnet d&#039;Invitation, Signature, Les Dauphins, R\u00e9serve and Crus ranges.\" \/>\n<meta name=\"robots\" content=\"index, follow, max-snippet:-1, max-image-preview:large, max-video-preview:-1\" \/>\n<link rel=\"canonical\" href=\"https:\/\/www.cellier-des-dauphins.com\/en\/our-sunny-wines\/our-ranges\/\" \/>\n<meta property=\"og:locale\" content=\"en_US\" \/>\n<meta property=\"og:type\" content=\"article\" \/>\n<meta property=\"og:title\" content=\"Our C\u00f4tes du Rh\u00f4ne wine ranges | Cellier des Dauphins\" \/>\n<meta property=\"og:description\" content=\"Explore the diversity of our C\u00f4tes du Rh\u00f4ne wine ranges. Discover all the richness of a terroir through our Prestige, Carnet d&#039;Invitation, Signature, Les Dauphins, R\u00e9serve and Crus ranges.\" \/>\n<meta property=\"og:url\" content=\"https:\/\/www.cellier-des-dauphins.com\/en\/our-sunny-wines\/our-ranges\/\" \/>\n<meta property=\"og:site_name\" content=\"Cellier Des Dauphins\" \/>\n<meta property=\"article:modified_time\" content=\"2026-03-10T11:24:06+00:00\" \/>\n<meta name=\"twitter:card\" content=\"summary_large_image\" \/>\n<script type=\"application\/ld+json\" class=\"yoast-schema-graph\">{\"@context\":\"https:\/\/schema.org\",\"@graph\":[{\"@type\":\"WebPage\",\"@id\":\"https:\/\/www.cellier-des-dauphins.com\/en\/our-sunny-wines\/our-ranges\/\",\"url\":\"https:\/\/www.cellier-des-dauphins.com\/en\/our-sunny-wines\/our-ranges\/\",\"name\":\"Our C\u00f4tes du Rh\u00f4ne wine ranges | Cellier des Dauphins\",\"isPartOf\":{\"@id\":\"https:\/\/www.cellier-des-dauphins.com\/en\/#website\"},\"datePublished\":\"2019-03-11T07:49:27+00:00\",\"dateModified\":\"2026-03-10T11:24:06+00:00\",\"description\":\"Explore the diversity of our C\u00f4tes du Rh\u00f4ne wine ranges. Discover all the richness of a terroir through our Prestige, Carnet d'Invitation, Signature, Les Dauphins, R\u00e9serve and Crus ranges.\",\"breadcrumb\":{\"@id\":\"https:\/\/www.cellier-des-dauphins.com\/en\/our-sunny-wines\/our-ranges\/#breadcrumb\"},\"inLanguage\":\"en-US\",\"potentialAction\":[{\"@type\":\"ReadAction\",\"target\":[\"https:\/\/www.cellier-des-dauphins.com\/en\/our-sunny-wines\/our-ranges\/\"]}]},{\"@type\":\"BreadcrumbList\",\"@id\":\"https:\/\/www.cellier-des-dauphins.com\/en\/our-sunny-wines\/our-ranges\/#breadcrumb\",\"itemListElement\":[{\"@type\":\"ListItem\",\"position\":1,\"name\":\"Our Sunny Wines\",\"item\":\"https:\/\/www.cellier-des-dauphins.com\/en\/our-sunny-wines\/\"},{\"@type\":\"ListItem\",\"position\":2,\"name\":\"Our ranges\"}]},{\"@type\":\"WebSite\",\"@id\":\"https:\/\/www.cellier-des-dauphins.com\/en\/#website\",\"url\":\"https:\/\/www.cellier-des-dauphins.com\/en\/\",\"name\":\"Cellier Des Dauphins\",\"description\":\"\",\"potentialAction\":[{\"@type\":\"SearchAction\",\"target\":{\"@type\":\"EntryPoint\",\"urlTemplate\":\"https:\/\/www.cellier-des-dauphins.com\/en\/?s={search_term_string}\"},\"query-input\":\"required name=search_term_string\"}],\"inLanguage\":\"en-US\"}]}<\/script>\n<!-- \/ Yoast SEO plugin. -->","yoast_head_json":{"title":"Our C\u00f4tes du Rh\u00f4ne wine ranges | Cellier des Dauphins","description":"Explore the diversity of our C\u00f4tes du Rh\u00f4ne wine ranges. Discover all the richness of a terroir through our Prestige, Carnet d'Invitation, Signature, Les Dauphins, R\u00e9serve and Crus ranges.","robots":{"index":"index","follow":"follow","max-snippet":"max-snippet:-1","max-image-preview":"max-image-preview:large","max-video-preview":"max-video-preview:-1"},"canonical":"https:\/\/www.cellier-des-dauphins.com\/en\/our-sunny-wines\/our-ranges\/","og_locale":"en_US","og_type":"article","og_title":"Our C\u00f4tes du Rh\u00f4ne wine ranges | Cellier des Dauphins","og_description":"Explore the diversity of our C\u00f4tes du Rh\u00f4ne wine ranges. Discover all the richness of a terroir through our Prestige, Carnet d'Invitation, Signature, Les Dauphins, R\u00e9serve and Crus ranges.","og_url":"https:\/\/www.cellier-des-dauphins.com\/en\/our-sunny-wines\/our-ranges\/","og_site_name":"Cellier Des Dauphins","article_modified_time":"2026-03-10T11:24:06+00:00","twitter_card":"summary_large_image","schema":{"@context":"https:\/\/schema.org","@graph":[{"@type":"WebPage","@id":"https:\/\/www.cellier-des-dauphins.com\/en\/our-sunny-wines\/our-ranges\/","url":"https:\/\/www.cellier-des-dauphins.com\/en\/our-sunny-wines\/our-ranges\/","name":"Our C\u00f4tes du Rh\u00f4ne wine ranges | Cellier des Dauphins","isPartOf":{"@id":"https:\/\/www.cellier-des-dauphins.com\/en\/#website"},"datePublished":"2019-03-11T07:49:27+00:00","dateModified":"2026-03-10T11:24:06+00:00","description":"Explore the diversity of our C\u00f4tes du Rh\u00f4ne wine ranges. Discover all the richness of a terroir through our Prestige, Carnet d'Invitation, Signature, Les Dauphins, R\u00e9serve and Crus ranges.","breadcrumb":{"@id":"https:\/\/www.cellier-des-dauphins.com\/en\/our-sunny-wines\/our-ranges\/#breadcrumb"},"inLanguage":"en-US","potentialAction":[{"@type":"ReadAction","target":["https:\/\/www.cellier-des-dauphins.com\/en\/our-sunny-wines\/our-ranges\/"]}]},{"@type":"BreadcrumbList","@id":"https:\/\/www.cellier-des-dauphins.com\/en\/our-sunny-wines\/our-ranges\/#breadcrumb","itemListElement":[{"@type":"ListItem","position":1,"name":"Our Sunny Wines","item":"https:\/\/www.cellier-des-dauphins.com\/en\/our-sunny-wines\/"},{"@type":"ListItem","position":2,"name":"Our ranges"}]},{"@type":"WebSite","@id":"https:\/\/www.cellier-des-dauphins.com\/en\/#website","url":"https:\/\/www.cellier-des-dauphins.com\/en\/","name":"Cellier Des Dauphins","description":"","potentialAction":[{"@type":"SearchAction","target":{"@type":"EntryPoint","urlTemplate":"https:\/\/www.cellier-des-dauphins.com\/en\/?s={search_term_string}"},"query-input":"required name=search_term_string"}],"inLanguage":"en-US"}]}},"_links":{"self":[{"href":"https:\/\/www.cellier-des-dauphins.com\/en\/wp-json\/wp\/v2\/pages\/1345"}],"collection":[{"href":"https:\/\/www.cellier-des-dauphins.com\/en\/wp-json\/wp\/v2\/pages"}],"about":[{"href":"https:\/\/www.cellier-des-dauphins.com\/en\/wp-json\/wp\/v2\/types\/page"}],"author":[{"embeddable":true,"href":"https:\/\/www.cellier-des-dauphins.com\/en\/wp-json\/wp\/v2\/users\/1"}],"replies":[{"embeddable":true,"href":"https:\/\/www.cellier-des-dauphins.com\/en\/wp-json\/wp\/v2\/comments?post=1345"}],"version-history":[{"count":27,"href":"https:\/\/www.cellier-des-dauphins.com\/en\/wp-json\/wp\/v2\/pages\/1345\/revisions"}],"predecessor-version":[{"id":4069,"href":"https:\/\/www.cellier-des-dauphins.com\/en\/wp-json\/wp\/v2\/pages\/1345\/revisions\/4069"}],"up":[{"embeddable":true,"href":"https:\/\/www.cellier-des-dauphins.com\/en\/wp-json\/wp\/v2\/pages\/1347"}],"wp:attachment":[{"href":"https:\/\/www.cellier-des-dauphins.com\/en\/wp-json\/wp\/v2\/media?parent=1345"}],"curies":[{"name":"wp","href":"https:\/\/api.w.org\/{rel}","templated":true}]}}