{"id":1344,"date":"2019-03-11T08:49:59","date_gmt":"2019-03-11T07:49:59","guid":{"rendered":"https:\/\/www.cellier-des-dauphins.comnos-rouges\/"},"modified":"2024-08-14T17:09:13","modified_gmt":"2024-08-14T15:09:13","slug":"our-red-wines","status":"publish","type":"page","link":"https:\/\/www.cellier-des-dauphins.com\/en\/our-sunny-wines\/our-red-wines\/","title":{"rendered":"Our red wines"},"content":{"rendered":"","protected":false},"excerpt":{"rendered":"","protected":false},"author":1,"featured_media":0,"parent":1347,"menu_order":3,"comment_status":"closed","ping_status":"closed","template":"tpl-wines.php","meta":{"_acf_changed":false,"footnotes":""},"acf":[],"yoast_head":"<!-- This site is optimized with the Yoast SEO plugin v23.1 - https:\/\/yoast.com\/wordpress\/plugins\/seo\/ -->\n<title>Vin rouge des C\u00f4tes du Rh\u00f4ne | Cellier Des Dauphins<\/title>\n<meta name=\"description\" content=\"Explorez toute la richesse et l&#039;intensit\u00e9 de nos cuv\u00e9es de vins rouges de la vall\u00e9e du Rh\u00f4ne : gammes R\u00e9serve, Bio, Les Dauphins, Prestige, Villages et Crus et Crus.\" \/>\n<meta name=\"robots\" content=\"index, follow, max-snippet:-1, max-image-preview:large, max-video-preview:-1\" \/>\n<link rel=\"canonical\" href=\"https:\/\/www.cellier-des-dauphins.com\/en\/our-sunny-wines\/our-red-wines\/\" \/>\n<meta property=\"og:locale\" content=\"en_US\" \/>\n<meta property=\"og:type\" content=\"article\" \/>\n<meta property=\"og:title\" content=\"Vin rouge des C\u00f4tes du Rh\u00f4ne | Cellier Des Dauphins\" \/>\n<meta property=\"og:description\" content=\"Explorez toute la richesse et l&#039;intensit\u00e9 de nos cuv\u00e9es de vins rouges de la vall\u00e9e du Rh\u00f4ne : gammes R\u00e9serve, Bio, Les Dauphins, Prestige, Villages et Crus et Crus.\" \/>\n<meta property=\"og:url\" content=\"https:\/\/www.cellier-des-dauphins.com\/en\/our-sunny-wines\/our-red-wines\/\" \/>\n<meta property=\"og:site_name\" content=\"Cellier Des Dauphins\" \/>\n<meta property=\"article:modified_time\" content=\"2024-08-14T15:09:13+00:00\" \/>\n<meta name=\"twitter:card\" content=\"summary_large_image\" \/>\n<script type=\"application\/ld+json\" class=\"yoast-schema-graph\">{\"@context\":\"https:\/\/schema.org\",\"@graph\":[{\"@type\":\"WebPage\",\"@id\":\"https:\/\/www.cellier-des-dauphins.com\/en\/our-sunny-wines\/our-red-wines\/\",\"url\":\"https:\/\/www.cellier-des-dauphins.com\/en\/our-sunny-wines\/our-red-wines\/\",\"name\":\"Vin rouge des C\u00f4tes du Rh\u00f4ne | Cellier Des Dauphins\",\"isPartOf\":{\"@id\":\"https:\/\/www.cellier-des-dauphins.com\/en\/#website\"},\"datePublished\":\"2019-03-11T07:49:59+00:00\",\"dateModified\":\"2024-08-14T15:09:13+00:00\",\"description\":\"Explorez toute la richesse et l'intensit\u00e9 de nos cuv\u00e9es de vins rouges de la vall\u00e9e du Rh\u00f4ne : gammes R\u00e9serve, Bio, Les Dauphins, Prestige, Villages et Crus et Crus.\",\"breadcrumb\":{\"@id\":\"https:\/\/www.cellier-des-dauphins.com\/en\/our-sunny-wines\/our-red-wines\/#breadcrumb\"},\"inLanguage\":\"en-US\",\"potentialAction\":[{\"@type\":\"ReadAction\",\"target\":[\"https:\/\/www.cellier-des-dauphins.com\/en\/our-sunny-wines\/our-red-wines\/\"]}]},{\"@type\":\"BreadcrumbList\",\"@id\":\"https:\/\/www.cellier-des-dauphins.com\/en\/our-sunny-wines\/our-red-wines\/#breadcrumb\",\"itemListElement\":[{\"@type\":\"ListItem\",\"position\":1,\"name\":\"Our Sunny Wines\",\"item\":\"https:\/\/www.cellier-des-dauphins.com\/en\/our-sunny-wines\/\"},{\"@type\":\"ListItem\",\"position\":2,\"name\":\"Our red wines\"}]},{\"@type\":\"WebSite\",\"@id\":\"https:\/\/www.cellier-des-dauphins.com\/en\/#website\",\"url\":\"https:\/\/www.cellier-des-dauphins.com\/en\/\",\"name\":\"Cellier Des Dauphins\",\"description\":\"\",\"potentialAction\":[{\"@type\":\"SearchAction\",\"target\":{\"@type\":\"EntryPoint\",\"urlTemplate\":\"https:\/\/www.cellier-des-dauphins.com\/en\/?s={search_term_string}\"},\"query-input\":\"required name=search_term_string\"}],\"inLanguage\":\"en-US\"}]}<\/script>\n<!-- \/ Yoast SEO plugin. -->","yoast_head_json":{"title":"Vin rouge des C\u00f4tes du Rh\u00f4ne | Cellier Des Dauphins","description":"Explorez toute la richesse et l'intensit\u00e9 de nos cuv\u00e9es de vins rouges de la vall\u00e9e du Rh\u00f4ne : gammes R\u00e9serve, Bio, Les Dauphins, Prestige, Villages et Crus et Crus.","robots":{"index":"index","follow":"follow","max-snippet":"max-snippet:-1","max-image-preview":"max-image-preview:large","max-video-preview":"max-video-preview:-1"},"canonical":"https:\/\/www.cellier-des-dauphins.com\/en\/our-sunny-wines\/our-red-wines\/","og_locale":"en_US","og_type":"article","og_title":"Vin rouge des C\u00f4tes du Rh\u00f4ne | Cellier Des Dauphins","og_description":"Explorez toute la richesse et l'intensit\u00e9 de nos cuv\u00e9es de vins rouges de la vall\u00e9e du Rh\u00f4ne : gammes R\u00e9serve, Bio, Les Dauphins, Prestige, Villages et Crus et Crus.","og_url":"https:\/\/www.cellier-des-dauphins.com\/en\/our-sunny-wines\/our-red-wines\/","og_site_name":"Cellier Des Dauphins","article_modified_time":"2024-08-14T15:09:13+00:00","twitter_card":"summary_large_image","schema":{"@context":"https:\/\/schema.org","@graph":[{"@type":"WebPage","@id":"https:\/\/www.cellier-des-dauphins.com\/en\/our-sunny-wines\/our-red-wines\/","url":"https:\/\/www.cellier-des-dauphins.com\/en\/our-sunny-wines\/our-red-wines\/","name":"Vin rouge des C\u00f4tes du Rh\u00f4ne | Cellier Des Dauphins","isPartOf":{"@id":"https:\/\/www.cellier-des-dauphins.com\/en\/#website"},"datePublished":"2019-03-11T07:49:59+00:00","dateModified":"2024-08-14T15:09:13+00:00","description":"Explorez toute la richesse et l'intensit\u00e9 de nos cuv\u00e9es de vins rouges de la vall\u00e9e du Rh\u00f4ne : gammes R\u00e9serve, Bio, Les Dauphins, Prestige, Villages et Crus et Crus.","breadcrumb":{"@id":"https:\/\/www.cellier-des-dauphins.com\/en\/our-sunny-wines\/our-red-wines\/#breadcrumb"},"inLanguage":"en-US","potentialAction":[{"@type":"ReadAction","target":["https:\/\/www.cellier-des-dauphins.com\/en\/our-sunny-wines\/our-red-wines\/"]}]},{"@type":"BreadcrumbList","@id":"https:\/\/www.cellier-des-dauphins.com\/en\/our-sunny-wines\/our-red-wines\/#breadcrumb","itemListElement":[{"@type":"ListItem","position":1,"name":"Our Sunny Wines","item":"https:\/\/www.cellier-des-dauphins.com\/en\/our-sunny-wines\/"},{"@type":"ListItem","position":2,"name":"Our red wines"}]},{"@type":"WebSite","@id":"https:\/\/www.cellier-des-dauphins.com\/en\/#website","url":"https:\/\/www.cellier-des-dauphins.com\/en\/","name":"Cellier Des Dauphins","description":"","potentialAction":[{"@type":"SearchAction","target":{"@type":"EntryPoint","urlTemplate":"https:\/\/www.cellier-des-dauphins.com\/en\/?s={search_term_string}"},"query-input":"required name=search_term_string"}],"inLanguage":"en-US"}]}},"_links":{"self":[{"href":"https:\/\/www.cellier-des-dauphins.com\/en\/wp-json\/wp\/v2\/pages\/1344"}],"collection":[{"href":"https:\/\/www.cellier-des-dauphins.com\/en\/wp-json\/wp\/v2\/pages"}],"about":[{"href":"https:\/\/www.cellier-des-dauphins.com\/en\/wp-json\/wp\/v2\/types\/page"}],"author":[{"embeddable":true,"href":"https:\/\/www.cellier-des-dauphins.com\/en\/wp-json\/wp\/v2\/users\/1"}],"replies":[{"embeddable":true,"href":"https:\/\/www.cellier-des-dauphins.com\/en\/wp-json\/wp\/v2\/comments?post=1344"}],"version-history":[{"count":8,"href":"https:\/\/www.cellier-des-dauphins.com\/en\/wp-json\/wp\/v2\/pages\/1344\/revisions"}],"predecessor-version":[{"id":3908,"href":"https:\/\/www.cellier-des-dauphins.com\/en\/wp-json\/wp\/v2\/pages\/1344\/revisions\/3908"}],"up":[{"embeddable":true,"href":"https:\/\/www.cellier-des-dauphins.com\/en\/wp-json\/wp\/v2\/pages\/1347"}],"wp:attachment":[{"href":"https:\/\/www.cellier-des-dauphins.com\/en\/wp-json\/wp\/v2\/media?parent=1344"}],"curies":[{"name":"wp","href":"https:\/\/api.w.org\/{rel}","templated":true}]}}