{"id":1340,"date":"2019-03-12T14:46:04","date_gmt":"2019-03-12T13:46:04","guid":{"rendered":"https:\/\/www.cellier-des-dauphins.commentions-legales\/"},"modified":"2026-03-16T09:49:24","modified_gmt":"2026-03-16T08:49:24","slug":"legal-notices","status":"publish","type":"page","link":"https:\/\/www.cellier-des-dauphins.com\/en\/legal-notices\/","title":{"rendered":"Legal notices"},"content":{"rendered":"<p class=\"p1\"><strong><span class=\"s1\">PUBLISHER<\/span><\/strong><\/p>\n<p class=\"p1\"><span class=\"s1\">The www.cellier-des-dauphins.com website (hereinafter referred to as \u201cthe Website\u201d) is published by the Union des Vignerons des C\u00f4tes du Rh\u00f4ne \u2013 Cellier des Dauphins, Soci\u00e9t\u00e9 Coop\u00e9rative Agricole with variable capital, listed on the companies register of Romans under number RCS 302 558 622, with its head office at Route de Nyons \u2013 BP16 \u2013 26790 TULETTE (26357).<br \/>\nThe Union des Vignerons des C\u00f4tes du Rh\u00f4ne \u2013 Cellier des Dauphins is subject to VAT and identified by an individual number in application of article 286 ter of the French general tax code.Its individual identification number is FR27302558622.<br \/>\nTel: +33 (0)4 75 96 20 00<br \/>\nEmail:\u00a0<a href=\"http:\/\/web.archive.org\/web\/20180722161306\/mailto:info@cellier-des-dauphins.com\"><span class=\"s2\">info@cellier-des-dauphins.com<\/span><\/a><br \/>\nThe publications director of the www.cellier-des-dauphins.com website is Sandrine SANCHEZ \u2013 Marketing and Communication Director.<\/span><\/p>\n<p class=\"p1\"><strong><span class=\"s1\">WEBSITE DESIGN AND PRODUCTION<\/span><\/strong><\/p>\n<p>Agence 1969<br \/>\n64 rue de Turbigo<br \/>\n75003 Paris<\/p>\n<p class=\"p1\"><strong><span class=\"s1\">HOST<\/span><\/strong><\/p>\n<p>OVH<br \/>\n2 rue Kellermann<br \/>\n59100 Roubaix \u2013 France<\/p>\n<p class=\"p1\"><strong><span class=\"s1\">GENERAL TERMS AND CONDITIONS OF USE<\/span><\/strong><\/p>\n<p class=\"p1\"><span class=\"s1\">Access to the Website is restricted to people who are of legal drinking age in the country in which they are resident.<br \/>\nThe terms and conditions of use apply to all Website users from their first connection to the Website.<\/span><\/p>\n<p class=\"p1\"><strong><span class=\"s1\">BY ACCESSING OR VISITING THE WEBSITE YOU AGREE TO UNCONDITIONALLY ACCEPT THESE TERMS AND CONDITIONS.<\/span><span class=\"s2\"><br \/>\n<\/span><span class=\"s1\">ACCESS TO THE WEBSITE AND ITS USE IS AUTHORIZED ONLY FOR PRIVATE AND PERSONAL USE.<\/span><\/strong><\/p>\n<p class=\"p1\"><span class=\"s1\">The Union des Vignerons des C\u00f4tes du Rh\u00f4ne- Cellier des Dauphins shall not be held responsible under any circumstances if these terms and conditions are not met.<\/span><\/p>\n<p class=\"p1\"><strong><span class=\"s1\">INTELLECTUAL PROPERTY<\/span><\/strong><\/p>\n<p class=\"p1\"><span class=\"s1\">The Website, its architecture, presentation, graphic design, and all data, brands, photographs, text, comments, illustrations, images whether animated or not, video sequences, sounds or any other elements or content reproduced on the Website are protected under current intellectual property laws. They are fully owned by the Union des Vignerons des C\u00f4tes du Rh\u00f4ne-Cellier des Dauphins or its partners.<br \/>\nAny reproduction, representation, use or adaptation, in any form whatsoever, of all or part of the Website without the prior written agreement of the Union des Vignerons des C\u00f4tes du Rh\u00f4ne-Cellier des Dauphins is strictly forbidden and shall be subject to legal proceedings. Any commercial use, even partial, of the data which are presented on the Website is forbidden without the prior written agreement of the Union des Vignerons des C\u00f4tes du Rh\u00f4ne-Cellier des Dauphins. The decision of the Union des Vignerons des C\u00f4tes du Rh\u00f4ne-Cellier des Dauphins not to initiate proceedings once it is aware of these unauthorised uses does not constitute acceptance of the said uses or the waiving of legal proceedings.<\/span><\/p>\n<p class=\"p1\"><span class=\"s1\">In particular, it is forbidden to:<\/span><\/p>\n<ul class=\"ul1\">\n<li class=\"li2\"><span class=\"s1\">use a copy, total or partial, of the Website and\/or brands which are reproduced on the Website for commercial purposes.<\/span><\/li>\n<li class=\"li2\"><span class=\"s1\">to modify all or part of the Website or to reproduce it on any media of whatever kind (including, in particular, paper documents, blogs, third party websites, and so on).<\/span><\/li>\n<\/ul>\n<p class=\"p1\"><span class=\"s1\">However, the user is authorized to download, print and\/or reproduce elements of the Website for exclusively private use on condition that the user systematically displays all copyright notices as well as all other references to intellectual property rights that may appear on the page or pages of the Website reproduced and the following statement on each of the copies the user makes: \u201cCopyright \u00a9 Cellier des Dauphins. All rights reserved.\u201d<\/span><\/p>\n<p class=\"p1\"><strong><span class=\"s1\">QUALITY OF INFORMATION<\/span><\/strong><\/p>\n<p class=\"p1\"><span class=\"s1\">The Union des Vignerons des C\u00f4tes du Rh\u00f4ne-Cellier des Dauphins takes every care and makes every possible effort to provide quality information on the Website.<br \/>\nThe Union des Vignerons des C\u00f4tes du Rh\u00f4ne-Cellier des Dauphins cannot, however, provide an absolute guarantee of the accuracy or completeness of this information. As such, the Union des Vignerons des C\u00f4tes du Rh\u00f4ne-Cellier des Dauphins, subject to an obligation of means, shall not be held responsible for any direct or indirect damage resulting from mishandled information and\/or erroneous or incomplete information.<br \/>\nIn general, the Union des Vignerons des C\u00f4tes du Rh\u00f4ne-Cellier des Dauphins shall not be held responsible for any damage, direct and\/or indirect resulting from the forbidden use of information and\/or any other element appearing on the Website.<br \/>\nThe Union des Vignerons des C\u00f4tes du Rh\u00f4ne-Cellier des Dauphins shall not be held responsible for any damage, direct and\/or indirect resulting from access to its Website and\/or the impossibility to access its Website.<br \/>\nFor the sound management of the Website, the Union des Vignerons des C\u00f4tes du Rh\u00f4ne-Cellier des Dauphins reserves the right, at any time, to suspend, interrupt or limit without prior warning access to all or part of the Website, to delete any information that may disrupt the functioning of the Website or infringe national laws, or suspend the Website for upgrading purposes.<br \/>\nThe Union des Vignerons des C\u00f4tes du Rh\u00f4ne-Cellier des Dauphins reserves the right to update these terms and conditions at any time and without prior warning. It is incumbent upon the user to regularly read these terms and conditions in order to keep abreast of possible modifications. The modifications shall take effect on publication. Any use of the Website ulterior to the abovementioned modifications constitutes an agreement on the part of the user.<\/span><\/p>\n<p class=\"p1\"><strong><span class=\"s1\">LIABILITY<\/span><\/strong><\/p>\n<p class=\"p1\"><span class=\"s1\">This Website and its terms and conditions of use are governed by French law.<\/span><\/p>\n<p class=\"p1\"><strong><span class=\"s1\">PROTECTION OF PERSONAL DATA<\/span><\/strong><\/p>\n<p class=\"p1\"><span class=\"s1\">The<span class=\"Apple-converted-space\">\u00a0 <\/span>www.cellier-des-dauphins.com or www.cellierdesdauphins.com website (hereinafter referred to as \u201cthe Website\u201d) has been declared under the number 1681516 V 0 to the Commission Nationale Informatique et Libert\u00e9s (CNIL) in application of the law no.78-17 of 6 January 1978 concerning data processing, files and freedoms. Each user who has filed personal information about him or her on the Website has the right to object (article 38 of the law), access (articles 39, 41 and 42 of the law) and to modify (article 40 of the law) these data. As such, the user may demand, for legitimate reasons, that the information about him or her be corrected, completed, clarified, updated or deleted if the said information is inaccurate, incomplete, ambiguous or out of date, or if its collection, use, communication or storage is prohibited. Each user may exercise these rights by post: Union des Vignerons des C\u00f4tes du Rh\u00f4ne \u2013 Cellier des Dauphins \u2013 BP 16 \u2013 Route de Nyons \u2013 26790 TULETTE or email: info@cellier-des-dauphins.com.<br \/>\nDuring visits by a user to the Website, the Union des Vignerons des C\u00f4tes du Rh\u00f4ne \u2013 Cellier des Dauphins may ask for certain information concerning the user in order to identify them, offer them bespoke services or to improve the Website and to understand their needs and opinions.<br \/>\nAs such, personal data (surname, first names, postal address, and so on) or non-personal data (preferences, favourite information, and so) may be requested particularly when the user:<\/span><\/p>\n<ul class=\"ul1\">\n<li class=\"li2\"><span class=\"s1\">Creates an account<\/span><\/li>\n<li class=\"li2\"><span class=\"s1\">Submits a request for information<\/span><\/li>\n<li class=\"li2\"><span class=\"s1\">Makes saved contributions to the Website<\/span><\/li>\n<\/ul>\n<p class=\"p1\"><span class=\"s1\">Signs up to the newsletter or promotional operations organised by the Union des Vignerons des C\u00f4tes du Rh\u00f4ne \u2013 Cellier des Dauphins.<\/span><\/p>\n<p class=\"p1\"><strong><span class=\"s1\">THE WEBSITE IS UNDER NO CIRCUMSTANCES AIMED AT MINORS AND WHO ARE NOT OF LEGAL DRINKING AGE IN THEIR COUNTRY OF RESIDENCE. THE UNION DES VIGNERONS DES C\u00d4TES DU RH\u00d4NE \u2013 CELLIER DES DAUPHINS WILL NOT KNOWINGLY GATHER INFORMATION ON MINORS.<\/span><\/strong><\/p>\n<p class=\"p1\"><span class=\"s1\">The Union des Vignerons des C\u00f4tes du Rh\u00f4ne \u2013 Cellier des Dauphins only collects personal data that the user is prepared to communicate to it and which Cellier des Dauphins needs in order to supply its services to the user or to meet the user\u2019s needs.<\/span><\/p>\n<p class=\"p1\"><span class=\"s1\">The user may refuse their consent to the collection of his or her personal data. However, the Union des Vignerons des C\u00f4tes du Rh\u00f4ne \u2013 Cellier des Dauphins informs its users that access to certain activities on its Website may be restricted as a result. In fact, certain information about them must be supplied in order for them to access the service in question. Information of a compulsory nature is indicated by an asterisk or any other means.<\/span><\/p>\n<p class=\"p1\"><span class=\"s1\">Personal data collected by an intermediary of the Website are for the exclusive use of the Union des Vignerons des C\u00f4tes du Rh\u00f4ne \u2013 Cellier des Dauphins and will not, under any circumstances, be shared with a third party without the explicit consent of the user. Only employees of the Union des Vignerons des C\u00f4tes du Rh\u00f4ne \u2013 Cellier des Dauphins or authorised staff of agencies that manage specific operations for the Cellier des Dauphins (website administration, competition management, sending of communications) are allowed to access user data. These agencies shall protect the confidentiality of this information and may not use it for any purpose other than to carry out the services they are performing for the Union des Vignerons des C\u00f4tes du Rh\u00f4ne \u2013 Cellier des Dauphins.<br \/>\nWith the express consent of the user during the collection of his or her data, information about him or her may be passed on to commercial partners of the Union des Vignerons des C\u00f4tes du Rh\u00f4ne \u2013 Cellier des Dauphins that may offer him or her their services and\/or be passed on to other companies belonging to the Union des Vignerons des C\u00f4tes du Rh\u00f4ne that may send them news about their brands by post or email.<br \/>\nData collected shall be stored for a maximum of 13 months from collection or the most recent contact made by the user; as stated above, these data may be deleted on request. The use of some cookies does not require the user\u2019s consent.<br \/>\nData that may be supplied by a user to share his or her contributions or views with his or her contacts are only used to send these contributions and views to his or her contacts. In this instance, the user guarantees that he or she has obtained the prior agreement of these persons to communicate data concerning them. These data are under no circumstances processed for commercial prospecting purposes by Union des Vignerons des C\u00f4tes du Rh\u00f4ne \u2013 Cellier des Dauphins without the prior agreement of the said persons.<br \/>\nWith a view to optimising its service for users, the Union des Vignerons des C\u00f4tes du Rh\u00f4ne \u2013 Cellier des Dauphins measures the number of page views, the number of visits and user activity on the Website, and their return frequency. To this end, the Website uses cookie technology. The cookies issued by the Union des Vignerons des C\u00f4tes du Rh\u00f4ne \u2013 Cellier des Dauphins are used for the purposes outlined below, subject to the preferences of users, which result from the configuration of the browser software used during the visit to the Website.<br \/>\nThe cookies issued on the Website enable Cellier des Dauphins to:<br \/>\ncompile statistics and traffic rates and to measure visitor interest in the sections and content visited<br \/>\nadapt the Website presentation to the display settings of the device used (display resolution, operating system used, etc.)<br \/>\nstore information supplied in a form completed by the user on the Website<br \/>\nallow the user to access restricted and personal areas of the Website, such as his or her account, using logins or data that the user may have previously provided.<br \/>\nThe use of cookies on a device is essentially subject to the decision of the device user that he or she may express or modify at any time and free of charge through the choices they are asked to make by their browser software.<br \/>\nIf the user accepts the use of cookies on his or her device in his or her browser software, the cookies used on the pages and content he or she has consulted may be temporarily stored in a dedicated area on the user\u2019s device. They may only be seen by the issuer.<br \/>\nThe user may object to the use of cookies or may be warned in advance of accepting cookies, by configuring his or her computer in the \u201cTools\u201d menu for<br \/>\nMicrosoft Internet Explorer and Firefox and the \u201cPreferences\u201d menu for Safari. However, in the event that his or her computer rejects the cookies, some pages on this Website may not function correctly or certain services may not be accessible.<br \/>\nThe Website may use plugins supplied by social media (facebook.com, youtube.com, googleplus, twitter, etc.). The plugins can be identified by the logo of their respective social media platform. The plugins enable the user to mark these pages in his or her favourites and to share his or her favourites with other social media users.<br \/>\nWhen the user visits a Website page that contains plugins, his or her browser makes a direct connection with the social media servers. The integrated plugins reveal to the social media platform that the user has accessed the corresponding page on the Website. If the user is connected to the social media platform, his or her visit may be assigned to his or her social media account. If the user interacts with the plugins, for example, by clicking the \u201cLike\u201d button on Facebook, or by leaving a comment, the corresponding information is sent directly from his or her browser to the social media platform, and stored by the latter. Even if the user is not connected to the social media platform, the plugins may still supply their IP address to the social media platform.<br \/>\nLa soci\u00e9t\u00e9 Union des Vignerons des C\u00f4tes du Rh\u00f4ne \u2013 Cellier des Dauphins n\u2019a aucun contr\u00f4le sur le processus employ\u00e9 par les r\u00e9seaux sociaux pour collecter les informations relatives \u00e0 la navigation de l\u2019utilisateur sur le Site et associ\u00e9es aux donn\u00e9es personnelles dont ils disposent.<br \/>\nFor more information on the purpose and scope of data processing by the social media platform, and to understand their rights in this regard and to configure their options in order protect their confidentiality, the user is invited to consult the confidentiality policy of the social media platform\u2019s website.<\/span><\/p>\n<p class=\"p1\"><strong><span class=\"s1\">PHOTO CREDITS<\/span><\/strong><\/p>\n<p>\u00a9 Nicolas Dache<br \/>\n\u00a9 Copyright 5chro Production<br \/>\n\u00a9 UVCDR<br \/>\n\u00a9 Andr\u00e9 Servan<\/p>\n","protected":false},"excerpt":{"rendered":"<p>PUBLISHER The www.cellier-des-dauphins.com website (hereinafter referred to as \u201cthe Website\u201d) is published by the Union des Vignerons des C\u00f4tes du Rh\u00f4ne \u2013 Cellier des Dauphins, Soci\u00e9t\u00e9 Coop\u00e9rative Agricole with variable capital, listed on the companies register of Romans under number RCS 302 558 622, with its head office at Route de Nyons \u2013 BP16 \u2013 [&hellip;]<\/p>\n","protected":false},"author":1,"featured_media":0,"parent":0,"menu_order":5,"comment_status":"closed","ping_status":"closed","template":"","meta":{"_acf_changed":false,"footnotes":""},"acf":[],"yoast_head":"<!-- This site is optimized with the Yoast SEO plugin v23.1 - https:\/\/yoast.com\/wordpress\/plugins\/seo\/ -->\n<title>Legal notices | Cellier Des Dauphins<\/title>\n<meta name=\"robots\" content=\"index, follow, max-snippet:-1, max-image-preview:large, max-video-preview:-1\" \/>\n<link rel=\"canonical\" href=\"https:\/\/www.cellier-des-dauphins.com\/en\/legal-notices\/\" \/>\n<meta property=\"og:locale\" content=\"en_US\" \/>\n<meta property=\"og:type\" content=\"article\" \/>\n<meta property=\"og:title\" content=\"Legal notices | Cellier Des Dauphins\" \/>\n<meta property=\"og:description\" content=\"PUBLISHER The www.cellier-des-dauphins.com website (hereinafter referred to as \u201cthe Website\u201d) is published by the Union des Vignerons des C\u00f4tes du Rh\u00f4ne \u2013 Cellier des Dauphins, Soci\u00e9t\u00e9 Coop\u00e9rative Agricole with variable capital, listed on the companies register of Romans under number RCS 302 558 622, with its head office at Route de Nyons \u2013 BP16 \u2013 [&hellip;]\" \/>\n<meta property=\"og:url\" content=\"https:\/\/www.cellier-des-dauphins.com\/en\/legal-notices\/\" \/>\n<meta property=\"og:site_name\" content=\"Cellier Des Dauphins\" \/>\n<meta property=\"article:modified_time\" content=\"2026-03-16T08:49:24+00:00\" \/>\n<meta name=\"twitter:card\" content=\"summary_large_image\" \/>\n<meta name=\"twitter:label1\" content=\"Est. reading time\" \/>\n\t<meta name=\"twitter:data1\" content=\"12 minutes\" \/>\n<script type=\"application\/ld+json\" class=\"yoast-schema-graph\">{\"@context\":\"https:\/\/schema.org\",\"@graph\":[{\"@type\":\"WebPage\",\"@id\":\"https:\/\/www.cellier-des-dauphins.com\/en\/legal-notices\/\",\"url\":\"https:\/\/www.cellier-des-dauphins.com\/en\/legal-notices\/\",\"name\":\"Legal notices | Cellier Des Dauphins\",\"isPartOf\":{\"@id\":\"https:\/\/www.cellier-des-dauphins.com\/en\/#website\"},\"datePublished\":\"2019-03-12T13:46:04+00:00\",\"dateModified\":\"2026-03-16T08:49:24+00:00\",\"inLanguage\":\"en-US\",\"potentialAction\":[{\"@type\":\"ReadAction\",\"target\":[\"https:\/\/www.cellier-des-dauphins.com\/en\/legal-notices\/\"]}]},{\"@type\":\"WebSite\",\"@id\":\"https:\/\/www.cellier-des-dauphins.com\/en\/#website\",\"url\":\"https:\/\/www.cellier-des-dauphins.com\/en\/\",\"name\":\"Cellier Des Dauphins\",\"description\":\"\",\"potentialAction\":[{\"@type\":\"SearchAction\",\"target\":{\"@type\":\"EntryPoint\",\"urlTemplate\":\"https:\/\/www.cellier-des-dauphins.com\/en\/?s={search_term_string}\"},\"query-input\":\"required name=search_term_string\"}],\"inLanguage\":\"en-US\"}]}<\/script>\n<!-- \/ Yoast SEO plugin. -->","yoast_head_json":{"title":"Legal notices | Cellier Des Dauphins","robots":{"index":"index","follow":"follow","max-snippet":"max-snippet:-1","max-image-preview":"max-image-preview:large","max-video-preview":"max-video-preview:-1"},"canonical":"https:\/\/www.cellier-des-dauphins.com\/en\/legal-notices\/","og_locale":"en_US","og_type":"article","og_title":"Legal notices | Cellier Des Dauphins","og_description":"PUBLISHER The www.cellier-des-dauphins.com website (hereinafter referred to as \u201cthe Website\u201d) is published by the Union des Vignerons des C\u00f4tes du Rh\u00f4ne \u2013 Cellier des Dauphins, Soci\u00e9t\u00e9 Coop\u00e9rative Agricole with variable capital, listed on the companies register of Romans under number RCS 302 558 622, with its head office at Route de Nyons \u2013 BP16 \u2013 [&hellip;]","og_url":"https:\/\/www.cellier-des-dauphins.com\/en\/legal-notices\/","og_site_name":"Cellier Des Dauphins","article_modified_time":"2026-03-16T08:49:24+00:00","twitter_card":"summary_large_image","twitter_misc":{"Est. reading time":"12 minutes"},"schema":{"@context":"https:\/\/schema.org","@graph":[{"@type":"WebPage","@id":"https:\/\/www.cellier-des-dauphins.com\/en\/legal-notices\/","url":"https:\/\/www.cellier-des-dauphins.com\/en\/legal-notices\/","name":"Legal notices | Cellier Des Dauphins","isPartOf":{"@id":"https:\/\/www.cellier-des-dauphins.com\/en\/#website"},"datePublished":"2019-03-12T13:46:04+00:00","dateModified":"2026-03-16T08:49:24+00:00","inLanguage":"en-US","potentialAction":[{"@type":"ReadAction","target":["https:\/\/www.cellier-des-dauphins.com\/en\/legal-notices\/"]}]},{"@type":"WebSite","@id":"https:\/\/www.cellier-des-dauphins.com\/en\/#website","url":"https:\/\/www.cellier-des-dauphins.com\/en\/","name":"Cellier Des Dauphins","description":"","potentialAction":[{"@type":"SearchAction","target":{"@type":"EntryPoint","urlTemplate":"https:\/\/www.cellier-des-dauphins.com\/en\/?s={search_term_string}"},"query-input":"required name=search_term_string"}],"inLanguage":"en-US"}]}},"_links":{"self":[{"href":"https:\/\/www.cellier-des-dauphins.com\/en\/wp-json\/wp\/v2\/pages\/1340"}],"collection":[{"href":"https:\/\/www.cellier-des-dauphins.com\/en\/wp-json\/wp\/v2\/pages"}],"about":[{"href":"https:\/\/www.cellier-des-dauphins.com\/en\/wp-json\/wp\/v2\/types\/page"}],"author":[{"embeddable":true,"href":"https:\/\/www.cellier-des-dauphins.com\/en\/wp-json\/wp\/v2\/users\/1"}],"replies":[{"embeddable":true,"href":"https:\/\/www.cellier-des-dauphins.com\/en\/wp-json\/wp\/v2\/comments?post=1340"}],"version-history":[{"count":4,"href":"https:\/\/www.cellier-des-dauphins.com\/en\/wp-json\/wp\/v2\/pages\/1340\/revisions"}],"predecessor-version":[{"id":4073,"href":"https:\/\/www.cellier-des-dauphins.com\/en\/wp-json\/wp\/v2\/pages\/1340\/revisions\/4073"}],"wp:attachment":[{"href":"https:\/\/www.cellier-des-dauphins.com\/en\/wp-json\/wp\/v2\/media?parent=1340"}],"curies":[{"name":"wp","href":"https:\/\/api.w.org\/{rel}","templated":true}]}}