{"id":1339,"date":"2019-03-13T19:15:43","date_gmt":"2019-03-13T18:15:43","guid":{"rendered":"https:\/\/www.cellier-des-dauphins.comreserve\/rouge\/"},"modified":"2026-03-10T10:47:58","modified_gmt":"2026-03-10T09:47:58","slug":"rouge","status":"publish","type":"page","link":"https:\/\/www.cellier-des-dauphins.com\/en\/our-sunny-wines\/our-ranges\/reserve\/rouge\/","title":{"rendered":"R\u00e9serve Red"},"content":{"rendered":"","protected":false},"excerpt":{"rendered":"","protected":false},"author":1,"featured_media":0,"parent":1336,"menu_order":1,"comment_status":"closed","ping_status":"closed","template":"tpl-wine.php","meta":{"_acf_changed":false,"footnotes":""},"acf":[],"yoast_head":"<!-- This site is optimized with the Yoast SEO plugin v23.1 - https:\/\/yoast.com\/wordpress\/plugins\/seo\/ -->\n<title>Vin des C\u00f4tes du Rh\u00f4ne R\u00e9serve Red | Cellier Des Dauphins<\/title>\n<meta name=\"description\" content=\"Les raisins, s\u00e9lectionn\u00e9s sur des parcelles solaires et r\u00e9colt\u00e9s \u00e0 pleine maturit\u00e9, donnent ce vin profond de couleur rouge rubis. Le soin apport\u00e9 \u00e0 l\u2019extraction d\u00e9veloppe l\u2019onctuosit\u00e9 et la complexit\u00e9 des ar\u00f4mes de fruits noirs m\u00fbris au soleil.\" \/>\n<meta name=\"robots\" content=\"index, follow, max-snippet:-1, max-image-preview:large, max-video-preview:-1\" \/>\n<link rel=\"canonical\" href=\"https:\/\/www.cellier-des-dauphins.com\/en\/our-sunny-wines\/our-ranges\/reserve\/rouge\/\" \/>\n<meta property=\"og:locale\" content=\"en_US\" \/>\n<meta property=\"og:type\" content=\"article\" \/>\n<meta property=\"og:title\" content=\"Vin des C\u00f4tes du Rh\u00f4ne R\u00e9serve Red | Cellier Des Dauphins\" \/>\n<meta property=\"og:description\" content=\"Les raisins, s\u00e9lectionn\u00e9s sur des parcelles solaires et r\u00e9colt\u00e9s \u00e0 pleine maturit\u00e9, donnent ce vin profond de couleur rouge rubis. Le soin apport\u00e9 \u00e0 l\u2019extraction d\u00e9veloppe l\u2019onctuosit\u00e9 et la complexit\u00e9 des ar\u00f4mes de fruits noirs m\u00fbris au soleil.\" \/>\n<meta property=\"og:url\" content=\"https:\/\/www.cellier-des-dauphins.com\/en\/our-sunny-wines\/our-ranges\/reserve\/rouge\/\" \/>\n<meta property=\"og:site_name\" content=\"Cellier Des Dauphins\" \/>\n<meta property=\"article:modified_time\" content=\"2026-03-10T09:47:58+00:00\" \/>\n<meta name=\"twitter:card\" content=\"summary_large_image\" \/>\n<script type=\"application\/ld+json\" class=\"yoast-schema-graph\">{\"@context\":\"https:\/\/schema.org\",\"@graph\":[{\"@type\":\"WebPage\",\"@id\":\"https:\/\/www.cellier-des-dauphins.com\/en\/our-sunny-wines\/our-ranges\/reserve\/rouge\/\",\"url\":\"https:\/\/www.cellier-des-dauphins.com\/en\/our-sunny-wines\/our-ranges\/reserve\/rouge\/\",\"name\":\"Vin des C\u00f4tes du Rh\u00f4ne R\u00e9serve Red | Cellier Des Dauphins\",\"isPartOf\":{\"@id\":\"https:\/\/www.cellier-des-dauphins.com\/en\/#website\"},\"datePublished\":\"2019-03-13T18:15:43+00:00\",\"dateModified\":\"2026-03-10T09:47:58+00:00\",\"description\":\"Les raisins, s\u00e9lectionn\u00e9s sur des parcelles solaires et r\u00e9colt\u00e9s \u00e0 pleine maturit\u00e9, donnent ce vin profond de couleur rouge rubis. Le soin apport\u00e9 \u00e0 l\u2019extraction d\u00e9veloppe l\u2019onctuosit\u00e9 et la complexit\u00e9 des ar\u00f4mes de fruits noirs m\u00fbris au soleil.\",\"breadcrumb\":{\"@id\":\"https:\/\/www.cellier-des-dauphins.com\/en\/our-sunny-wines\/our-ranges\/reserve\/rouge\/#breadcrumb\"},\"inLanguage\":\"en-US\",\"potentialAction\":[{\"@type\":\"ReadAction\",\"target\":[\"https:\/\/www.cellier-des-dauphins.com\/en\/our-sunny-wines\/our-ranges\/reserve\/rouge\/\"]}]},{\"@type\":\"BreadcrumbList\",\"@id\":\"https:\/\/www.cellier-des-dauphins.com\/en\/our-sunny-wines\/our-ranges\/reserve\/rouge\/#breadcrumb\",\"itemListElement\":[{\"@type\":\"ListItem\",\"position\":1,\"name\":\"Our Sunny Wines\",\"item\":\"https:\/\/www.cellier-des-dauphins.com\/en\/our-sunny-wines\/\"},{\"@type\":\"ListItem\",\"position\":2,\"name\":\"Our ranges\",\"item\":\"https:\/\/www.cellier-des-dauphins.com\/en\/our-sunny-wines\/our-ranges\/\"},{\"@type\":\"ListItem\",\"position\":3,\"name\":\"R\u00e9serve\",\"item\":\"https:\/\/www.cellier-des-dauphins.com\/en\/nos-vins\/nos-gammes\/reserve\/\"},{\"@type\":\"ListItem\",\"position\":4,\"name\":\"R\u00e9serve Red\"}]},{\"@type\":\"WebSite\",\"@id\":\"https:\/\/www.cellier-des-dauphins.com\/en\/#website\",\"url\":\"https:\/\/www.cellier-des-dauphins.com\/en\/\",\"name\":\"Cellier Des Dauphins\",\"description\":\"\",\"potentialAction\":[{\"@type\":\"SearchAction\",\"target\":{\"@type\":\"EntryPoint\",\"urlTemplate\":\"https:\/\/www.cellier-des-dauphins.com\/en\/?s={search_term_string}\"},\"query-input\":\"required name=search_term_string\"}],\"inLanguage\":\"en-US\"}]}<\/script>\n<!-- \/ Yoast SEO plugin. -->","yoast_head_json":{"title":"Vin des C\u00f4tes du Rh\u00f4ne R\u00e9serve Red | Cellier Des Dauphins","description":"Les raisins, s\u00e9lectionn\u00e9s sur des parcelles solaires et r\u00e9colt\u00e9s \u00e0 pleine maturit\u00e9, donnent ce vin profond de couleur rouge rubis. Le soin apport\u00e9 \u00e0 l\u2019extraction d\u00e9veloppe l\u2019onctuosit\u00e9 et la complexit\u00e9 des ar\u00f4mes de fruits noirs m\u00fbris au soleil.","robots":{"index":"index","follow":"follow","max-snippet":"max-snippet:-1","max-image-preview":"max-image-preview:large","max-video-preview":"max-video-preview:-1"},"canonical":"https:\/\/www.cellier-des-dauphins.com\/en\/our-sunny-wines\/our-ranges\/reserve\/rouge\/","og_locale":"en_US","og_type":"article","og_title":"Vin des C\u00f4tes du Rh\u00f4ne R\u00e9serve Red | Cellier Des Dauphins","og_description":"Les raisins, s\u00e9lectionn\u00e9s sur des parcelles solaires et r\u00e9colt\u00e9s \u00e0 pleine maturit\u00e9, donnent ce vin profond de couleur rouge rubis. Le soin apport\u00e9 \u00e0 l\u2019extraction d\u00e9veloppe l\u2019onctuosit\u00e9 et la complexit\u00e9 des ar\u00f4mes de fruits noirs m\u00fbris au soleil.","og_url":"https:\/\/www.cellier-des-dauphins.com\/en\/our-sunny-wines\/our-ranges\/reserve\/rouge\/","og_site_name":"Cellier Des Dauphins","article_modified_time":"2026-03-10T09:47:58+00:00","twitter_card":"summary_large_image","schema":{"@context":"https:\/\/schema.org","@graph":[{"@type":"WebPage","@id":"https:\/\/www.cellier-des-dauphins.com\/en\/our-sunny-wines\/our-ranges\/reserve\/rouge\/","url":"https:\/\/www.cellier-des-dauphins.com\/en\/our-sunny-wines\/our-ranges\/reserve\/rouge\/","name":"Vin des C\u00f4tes du Rh\u00f4ne R\u00e9serve Red | Cellier Des Dauphins","isPartOf":{"@id":"https:\/\/www.cellier-des-dauphins.com\/en\/#website"},"datePublished":"2019-03-13T18:15:43+00:00","dateModified":"2026-03-10T09:47:58+00:00","description":"Les raisins, s\u00e9lectionn\u00e9s sur des parcelles solaires et r\u00e9colt\u00e9s \u00e0 pleine maturit\u00e9, donnent ce vin profond de couleur rouge rubis. Le soin apport\u00e9 \u00e0 l\u2019extraction d\u00e9veloppe l\u2019onctuosit\u00e9 et la complexit\u00e9 des ar\u00f4mes de fruits noirs m\u00fbris au soleil.","breadcrumb":{"@id":"https:\/\/www.cellier-des-dauphins.com\/en\/our-sunny-wines\/our-ranges\/reserve\/rouge\/#breadcrumb"},"inLanguage":"en-US","potentialAction":[{"@type":"ReadAction","target":["https:\/\/www.cellier-des-dauphins.com\/en\/our-sunny-wines\/our-ranges\/reserve\/rouge\/"]}]},{"@type":"BreadcrumbList","@id":"https:\/\/www.cellier-des-dauphins.com\/en\/our-sunny-wines\/our-ranges\/reserve\/rouge\/#breadcrumb","itemListElement":[{"@type":"ListItem","position":1,"name":"Our Sunny Wines","item":"https:\/\/www.cellier-des-dauphins.com\/en\/our-sunny-wines\/"},{"@type":"ListItem","position":2,"name":"Our ranges","item":"https:\/\/www.cellier-des-dauphins.com\/en\/our-sunny-wines\/our-ranges\/"},{"@type":"ListItem","position":3,"name":"R\u00e9serve","item":"https:\/\/www.cellier-des-dauphins.com\/en\/nos-vins\/nos-gammes\/reserve\/"},{"@type":"ListItem","position":4,"name":"R\u00e9serve Red"}]},{"@type":"WebSite","@id":"https:\/\/www.cellier-des-dauphins.com\/en\/#website","url":"https:\/\/www.cellier-des-dauphins.com\/en\/","name":"Cellier Des Dauphins","description":"","potentialAction":[{"@type":"SearchAction","target":{"@type":"EntryPoint","urlTemplate":"https:\/\/www.cellier-des-dauphins.com\/en\/?s={search_term_string}"},"query-input":"required name=search_term_string"}],"inLanguage":"en-US"}]}},"_links":{"self":[{"href":"https:\/\/www.cellier-des-dauphins.com\/en\/wp-json\/wp\/v2\/pages\/1339"}],"collection":[{"href":"https:\/\/www.cellier-des-dauphins.com\/en\/wp-json\/wp\/v2\/pages"}],"about":[{"href":"https:\/\/www.cellier-des-dauphins.com\/en\/wp-json\/wp\/v2\/types\/page"}],"author":[{"embeddable":true,"href":"https:\/\/www.cellier-des-dauphins.com\/en\/wp-json\/wp\/v2\/users\/1"}],"replies":[{"embeddable":true,"href":"https:\/\/www.cellier-des-dauphins.com\/en\/wp-json\/wp\/v2\/comments?post=1339"}],"version-history":[{"count":16,"href":"https:\/\/www.cellier-des-dauphins.com\/en\/wp-json\/wp\/v2\/pages\/1339\/revisions"}],"predecessor-version":[{"id":4046,"href":"https:\/\/www.cellier-des-dauphins.com\/en\/wp-json\/wp\/v2\/pages\/1339\/revisions\/4046"}],"up":[{"embeddable":true,"href":"https:\/\/www.cellier-des-dauphins.com\/en\/wp-json\/wp\/v2\/pages\/1336"}],"wp:attachment":[{"href":"https:\/\/www.cellier-des-dauphins.com\/en\/wp-json\/wp\/v2\/media?parent=1339"}],"curies":[{"name":"wp","href":"https:\/\/api.w.org\/{rel}","templated":true}]}}