{"id":1334,"date":"2019-03-14T16:56:29","date_gmt":"2019-03-14T15:56:29","guid":{"rendered":"https:\/\/www.cellier-des-dauphins.comprestige-rouge\/"},"modified":"2026-03-10T10:12:41","modified_gmt":"2026-03-10T09:12:41","slug":"prestige-red","status":"publish","type":"page","link":"https:\/\/www.cellier-des-dauphins.com\/en\/our-sunny-wines\/our-ranges\/prestige\/prestige-red\/","title":{"rendered":"Prestige Red"},"content":{"rendered":"","protected":false},"excerpt":{"rendered":"","protected":false},"author":1,"featured_media":0,"parent":1335,"menu_order":1,"comment_status":"closed","ping_status":"closed","template":"tpl-wine.php","meta":{"_acf_changed":false,"footnotes":""},"acf":[],"yoast_head":"<!-- This site is optimized with the Yoast SEO plugin v23.1 - https:\/\/yoast.com\/wordpress\/plugins\/seo\/ -->\n<title>Prestige Red | Cellier Des Dauphins<\/title>\n<meta name=\"description\" content=\"Cette cuv\u00e9e aux ar\u00f4mes de cerise noire s\u00e9duit par sa rondeur et ses belles notes fruit\u00e9es accompagn\u00e9es d\u2019une pointe d\u2019\u00e9pices. A d\u00e9guster entre 16 et 18\u00b0C.\" \/>\n<meta name=\"robots\" content=\"index, follow, max-snippet:-1, max-image-preview:large, max-video-preview:-1\" \/>\n<link rel=\"canonical\" href=\"https:\/\/www.cellier-des-dauphins.com\/en\/our-sunny-wines\/our-ranges\/prestige\/prestige-red\/\" \/>\n<meta property=\"og:locale\" content=\"en_US\" \/>\n<meta property=\"og:type\" content=\"article\" \/>\n<meta property=\"og:title\" content=\"Prestige Red | Cellier Des Dauphins\" \/>\n<meta property=\"og:description\" content=\"Cette cuv\u00e9e aux ar\u00f4mes de cerise noire s\u00e9duit par sa rondeur et ses belles notes fruit\u00e9es accompagn\u00e9es d\u2019une pointe d\u2019\u00e9pices. A d\u00e9guster entre 16 et 18\u00b0C.\" \/>\n<meta property=\"og:url\" content=\"https:\/\/www.cellier-des-dauphins.com\/en\/our-sunny-wines\/our-ranges\/prestige\/prestige-red\/\" \/>\n<meta property=\"og:site_name\" content=\"Cellier Des Dauphins\" \/>\n<meta property=\"article:modified_time\" content=\"2026-03-10T09:12:41+00:00\" \/>\n<meta name=\"twitter:card\" content=\"summary_large_image\" \/>\n<script type=\"application\/ld+json\" class=\"yoast-schema-graph\">{\"@context\":\"https:\/\/schema.org\",\"@graph\":[{\"@type\":\"WebPage\",\"@id\":\"https:\/\/www.cellier-des-dauphins.com\/en\/our-sunny-wines\/our-ranges\/prestige\/prestige-red\/\",\"url\":\"https:\/\/www.cellier-des-dauphins.com\/en\/our-sunny-wines\/our-ranges\/prestige\/prestige-red\/\",\"name\":\"Prestige Red | Cellier Des Dauphins\",\"isPartOf\":{\"@id\":\"https:\/\/www.cellier-des-dauphins.com\/en\/#website\"},\"datePublished\":\"2019-03-14T15:56:29+00:00\",\"dateModified\":\"2026-03-10T09:12:41+00:00\",\"description\":\"Cette cuv\u00e9e aux ar\u00f4mes de cerise noire s\u00e9duit par sa rondeur et ses belles notes fruit\u00e9es accompagn\u00e9es d\u2019une pointe d\u2019\u00e9pices. A d\u00e9guster entre 16 et 18\u00b0C.\",\"breadcrumb\":{\"@id\":\"https:\/\/www.cellier-des-dauphins.com\/en\/our-sunny-wines\/our-ranges\/prestige\/prestige-red\/#breadcrumb\"},\"inLanguage\":\"en-US\",\"potentialAction\":[{\"@type\":\"ReadAction\",\"target\":[\"https:\/\/www.cellier-des-dauphins.com\/en\/our-sunny-wines\/our-ranges\/prestige\/prestige-red\/\"]}]},{\"@type\":\"BreadcrumbList\",\"@id\":\"https:\/\/www.cellier-des-dauphins.com\/en\/our-sunny-wines\/our-ranges\/prestige\/prestige-red\/#breadcrumb\",\"itemListElement\":[{\"@type\":\"ListItem\",\"position\":1,\"name\":\"Our Sunny Wines\",\"item\":\"https:\/\/www.cellier-des-dauphins.com\/en\/our-sunny-wines\/\"},{\"@type\":\"ListItem\",\"position\":2,\"name\":\"Our ranges\",\"item\":\"https:\/\/www.cellier-des-dauphins.com\/en\/our-sunny-wines\/our-ranges\/\"},{\"@type\":\"ListItem\",\"position\":3,\"name\":\"Prestige\",\"item\":\"https:\/\/www.cellier-des-dauphins.com\/en\/nos-vins\/nos-gammes\/prestige\/\"},{\"@type\":\"ListItem\",\"position\":4,\"name\":\"Prestige Red\"}]},{\"@type\":\"WebSite\",\"@id\":\"https:\/\/www.cellier-des-dauphins.com\/en\/#website\",\"url\":\"https:\/\/www.cellier-des-dauphins.com\/en\/\",\"name\":\"Cellier Des Dauphins\",\"description\":\"\",\"potentialAction\":[{\"@type\":\"SearchAction\",\"target\":{\"@type\":\"EntryPoint\",\"urlTemplate\":\"https:\/\/www.cellier-des-dauphins.com\/en\/?s={search_term_string}\"},\"query-input\":\"required name=search_term_string\"}],\"inLanguage\":\"en-US\"}]}<\/script>\n<!-- \/ Yoast SEO plugin. -->","yoast_head_json":{"title":"Prestige Red | Cellier Des Dauphins","description":"Cette cuv\u00e9e aux ar\u00f4mes de cerise noire s\u00e9duit par sa rondeur et ses belles notes fruit\u00e9es accompagn\u00e9es d\u2019une pointe d\u2019\u00e9pices. A d\u00e9guster entre 16 et 18\u00b0C.","robots":{"index":"index","follow":"follow","max-snippet":"max-snippet:-1","max-image-preview":"max-image-preview:large","max-video-preview":"max-video-preview:-1"},"canonical":"https:\/\/www.cellier-des-dauphins.com\/en\/our-sunny-wines\/our-ranges\/prestige\/prestige-red\/","og_locale":"en_US","og_type":"article","og_title":"Prestige Red | Cellier Des Dauphins","og_description":"Cette cuv\u00e9e aux ar\u00f4mes de cerise noire s\u00e9duit par sa rondeur et ses belles notes fruit\u00e9es accompagn\u00e9es d\u2019une pointe d\u2019\u00e9pices. A d\u00e9guster entre 16 et 18\u00b0C.","og_url":"https:\/\/www.cellier-des-dauphins.com\/en\/our-sunny-wines\/our-ranges\/prestige\/prestige-red\/","og_site_name":"Cellier Des Dauphins","article_modified_time":"2026-03-10T09:12:41+00:00","twitter_card":"summary_large_image","schema":{"@context":"https:\/\/schema.org","@graph":[{"@type":"WebPage","@id":"https:\/\/www.cellier-des-dauphins.com\/en\/our-sunny-wines\/our-ranges\/prestige\/prestige-red\/","url":"https:\/\/www.cellier-des-dauphins.com\/en\/our-sunny-wines\/our-ranges\/prestige\/prestige-red\/","name":"Prestige Red | Cellier Des Dauphins","isPartOf":{"@id":"https:\/\/www.cellier-des-dauphins.com\/en\/#website"},"datePublished":"2019-03-14T15:56:29+00:00","dateModified":"2026-03-10T09:12:41+00:00","description":"Cette cuv\u00e9e aux ar\u00f4mes de cerise noire s\u00e9duit par sa rondeur et ses belles notes fruit\u00e9es accompagn\u00e9es d\u2019une pointe d\u2019\u00e9pices. A d\u00e9guster entre 16 et 18\u00b0C.","breadcrumb":{"@id":"https:\/\/www.cellier-des-dauphins.com\/en\/our-sunny-wines\/our-ranges\/prestige\/prestige-red\/#breadcrumb"},"inLanguage":"en-US","potentialAction":[{"@type":"ReadAction","target":["https:\/\/www.cellier-des-dauphins.com\/en\/our-sunny-wines\/our-ranges\/prestige\/prestige-red\/"]}]},{"@type":"BreadcrumbList","@id":"https:\/\/www.cellier-des-dauphins.com\/en\/our-sunny-wines\/our-ranges\/prestige\/prestige-red\/#breadcrumb","itemListElement":[{"@type":"ListItem","position":1,"name":"Our Sunny Wines","item":"https:\/\/www.cellier-des-dauphins.com\/en\/our-sunny-wines\/"},{"@type":"ListItem","position":2,"name":"Our ranges","item":"https:\/\/www.cellier-des-dauphins.com\/en\/our-sunny-wines\/our-ranges\/"},{"@type":"ListItem","position":3,"name":"Prestige","item":"https:\/\/www.cellier-des-dauphins.com\/en\/nos-vins\/nos-gammes\/prestige\/"},{"@type":"ListItem","position":4,"name":"Prestige Red"}]},{"@type":"WebSite","@id":"https:\/\/www.cellier-des-dauphins.com\/en\/#website","url":"https:\/\/www.cellier-des-dauphins.com\/en\/","name":"Cellier Des Dauphins","description":"","potentialAction":[{"@type":"SearchAction","target":{"@type":"EntryPoint","urlTemplate":"https:\/\/www.cellier-des-dauphins.com\/en\/?s={search_term_string}"},"query-input":"required name=search_term_string"}],"inLanguage":"en-US"}]}},"_links":{"self":[{"href":"https:\/\/www.cellier-des-dauphins.com\/en\/wp-json\/wp\/v2\/pages\/1334"}],"collection":[{"href":"https:\/\/www.cellier-des-dauphins.com\/en\/wp-json\/wp\/v2\/pages"}],"about":[{"href":"https:\/\/www.cellier-des-dauphins.com\/en\/wp-json\/wp\/v2\/types\/page"}],"author":[{"embeddable":true,"href":"https:\/\/www.cellier-des-dauphins.com\/en\/wp-json\/wp\/v2\/users\/1"}],"replies":[{"embeddable":true,"href":"https:\/\/www.cellier-des-dauphins.com\/en\/wp-json\/wp\/v2\/comments?post=1334"}],"version-history":[{"count":9,"href":"https:\/\/www.cellier-des-dauphins.com\/en\/wp-json\/wp\/v2\/pages\/1334\/revisions"}],"predecessor-version":[{"id":4034,"href":"https:\/\/www.cellier-des-dauphins.com\/en\/wp-json\/wp\/v2\/pages\/1334\/revisions\/4034"}],"up":[{"embeddable":true,"href":"https:\/\/www.cellier-des-dauphins.com\/en\/wp-json\/wp\/v2\/pages\/1335"}],"wp:attachment":[{"href":"https:\/\/www.cellier-des-dauphins.com\/en\/wp-json\/wp\/v2\/media?parent=1334"}],"curies":[{"name":"wp","href":"https:\/\/api.w.org\/{rel}","templated":true}]}}